{"id":1136,"date":"2014-06-02T15:31:34","date_gmt":"2014-06-02T18:31:34","guid":{"rendered":"http:\/\/feisal-org.net\/?page_id=1136"},"modified":"2024-02-26T16:18:55","modified_gmt":"2024-02-26T19:18:55","slug":"mapa-feisal","status":"publish","type":"page","link":"http:\/\/feisal.org\/?page_id=1136","title":{"rendered":"Mapa FEISAL"},"content":{"rendered":"<h3>En ese mapa te mostramos d\u00f3nde est\u00e1n ubicadas las escuelas Miembros de FEISAL en toda Am\u00e9rica Latina, los Festivales donde se entrega el Premio FEISAL y las ciudades donde se realizaron reuniones de la Federaci\u00f3n.<\/h3>\n<p><iframe loading=\"lazy\" src=\"https:\/\/www.google.com\/maps\/d\/embed?mid=1RcnmMVAjjOzOjLwDjETwHPKRE5c\" width=\"1200\" height=\"550\"><\/iframe><\/p>\n","protected":false},"excerpt":{"rendered":"<p>En ese mapa te mostramos d\u00f3nde est\u00e1n ubicadas las escuelas Miembros de FEISAL en toda Am\u00e9rica Latina, los Festivales donde se entrega el Premio FEISAL y las ciudades donde se realizaron reuniones de la Federaci\u00f3n.<\/p>\n","protected":false},"author":4,"featured_media":1806,"parent":505,"menu_order":3,"comment_status":"closed","ping_status":"closed","template":"","meta":{"footnotes":""},"class_list":["post-1136","page","type-page","status-publish","has-post-thumbnail","hentry","nodate","item-wrap"],"_links":{"self":[{"href":"http:\/\/feisal.org\/index.php?rest_route=\/wp\/v2\/pages\/1136","targetHints":{"allow":["GET"]}}],"collection":[{"href":"http:\/\/feisal.org\/index.php?rest_route=\/wp\/v2\/pages"}],"about":[{"href":"http:\/\/feisal.org\/index.php?rest_route=\/wp\/v2\/types\/page"}],"author":[{"embeddable":true,"href":"http:\/\/feisal.org\/index.php?rest_route=\/wp\/v2\/users\/4"}],"replies":[{"embeddable":true,"href":"http:\/\/feisal.org\/index.php?rest_route=%2Fwp%2Fv2%2Fcomments&post=1136"}],"version-history":[{"count":1,"href":"http:\/\/feisal.org\/index.php?rest_route=\/wp\/v2\/pages\/1136\/revisions"}],"predecessor-version":[{"id":4535,"href":"http:\/\/feisal.org\/index.php?rest_route=\/wp\/v2\/pages\/1136\/revisions\/4535"}],"up":[{"embeddable":true,"href":"http:\/\/feisal.org\/index.php?rest_route=\/wp\/v2\/pages\/505"}],"wp:featuredmedia":[{"embeddable":true,"href":"http:\/\/feisal.org\/index.php?rest_route=\/wp\/v2\/media\/1806"}],"wp:attachment":[{"href":"http:\/\/feisal.org\/index.php?rest_route=%2Fwp%2Fv2%2Fmedia&parent=1136"}],"curies":[{"name":"wp","href":"https:\/\/api.w.org\/{rel}","templated":true}]}}