{"id":1475,"date":"2016-01-19T10:32:09","date_gmt":"2016-01-19T13:32:09","guid":{"rendered":"http:\/\/feisal-org.net\/?page_id=1475"},"modified":"2024-12-17T10:51:21","modified_gmt":"2024-12-17T13:51:21","slug":"la-muestra-feisal","status":"publish","type":"page","link":"https:\/\/feisal.org\/?page_id=1475","title":{"rendered":"Muestra FEISAL"},"content":{"rendered":"<div class=\"wp-block-image\">\n<figure class=\"alignleft is-resized\"><img loading=\"lazy\" decoding=\"async\" width=\"300\" height=\"300\" src=\"http:\/\/feisal.org\/wp-content\/uploads\/iconoMuestra.png\" alt=\"\" class=\"wp-image-3203\" style=\"width:109px;height:109px\" srcset=\"https:\/\/feisal.org\/wp-content\/uploads\/iconoMuestra.png 300w, https:\/\/feisal.org\/wp-content\/uploads\/iconoMuestra-150x150.png 150w\" sizes=\"auto, (max-width: 300px) 100vw, 300px\" \/><\/figure><\/div>\n\n\n<p>La Muestra de Escuelas FEISAL se conforma cada a\u00f1o a partir de una selecci\u00f3n de trabajos realizados por alumnos de las escuelas del audiovisual de Am\u00e9rica Latina y el Caribe, miembros de la FEISAL. Ver los cortos de las Muestras en <strong><a href=\"http:\/\/www.cinecorto.org\/feisal.php?id=1125\">cinecorto.org<\/a><\/strong><\/p>\n\n\n\n<div class=\"wp-block-group\"><div class=\"wp-block-group__inner-container is-layout-constrained wp-block-group-is-layout-constrained\">\n<figure class=\"wp-block-gallery has-nested-images columns-3 is-cropped wp-block-gallery-1 is-layout-flex wp-block-gallery-is-layout-flex\">\n<figure class=\"wp-block-image size-large\"><a href=\"https:\/\/online.fliphtml5.com\/riltr\/bklb\/\" target=\"_blank\" rel=\"noreferrer noopener\"><img loading=\"lazy\" decoding=\"async\" width=\"432\" height=\"612\" src=\"https:\/\/feisal.org\/wp-content\/uploads\/2024\/12\/Muestra-2024-tapa.png\" alt=\"\" class=\"wp-image-4577\" srcset=\"https:\/\/feisal.org\/wp-content\/uploads\/2024\/12\/Muestra-2024-tapa.png 432w, https:\/\/feisal.org\/wp-content\/uploads\/2024\/12\/Muestra-2024-tapa-212x300.png 212w, https:\/\/feisal.org\/wp-content\/uploads\/2024\/12\/Muestra-2024-tapa-8x12.png 8w\" sizes=\"auto, (max-width: 432px) 100vw, 432px\" \/><\/a><\/figure>\n\n\n\n<figure class=\"wp-block-image size-large\"><a href=\"https:\/\/online.fliphtml5.com\/riltr\/hhos\/\" target=\"_blank\" rel=\"noreferrer noopener\"><img loading=\"lazy\" decoding=\"async\" width=\"559\" height=\"794\" src=\"https:\/\/feisal.org\/wp-content\/uploads\/2023\/10\/703539.png\" alt=\"\" class=\"wp-image-4413\" srcset=\"https:\/\/feisal.org\/wp-content\/uploads\/2023\/10\/703539.png 559w, https:\/\/feisal.org\/wp-content\/uploads\/2023\/10\/703539-211x300.png 211w, https:\/\/feisal.org\/wp-content\/uploads\/2023\/10\/703539-8x12.png 8w\" sizes=\"auto, (max-width: 559px) 100vw, 559px\" \/><\/a><\/figure>\n\n\n\n<figure class=\"wp-block-image size-large\"><a href=\"https:\/\/online.fliphtml5.com\/riltr\/ikkc\/#p=8\" target=\"_blank\" rel=\"noreferrer noopener\"><img loading=\"lazy\" decoding=\"async\" width=\"420\" height=\"595\" src=\"https:\/\/feisal.org\/wp-content\/uploads\/2022\/12\/cat-2022-tapa.png\" alt=\"\" class=\"wp-image-4247\" srcset=\"https:\/\/feisal.org\/wp-content\/uploads\/2022\/12\/cat-2022-tapa.png 420w, https:\/\/feisal.org\/wp-content\/uploads\/2022\/12\/cat-2022-tapa-212x300.png 212w, https:\/\/feisal.org\/wp-content\/uploads\/2022\/12\/cat-2022-tapa-8x12.png 8w\" sizes=\"auto, (max-width: 420px) 100vw, 420px\" \/><\/a><\/figure>\n\n\n\n<figure class=\"wp-block-image size-large\"><a href=\"https:\/\/online.fliphtml5.com\/riltr\/ghly\/\" target=\"_blank\" rel=\"noreferrer noopener\"><img loading=\"lazy\" decoding=\"async\" width=\"472\" height=\"671\" src=\"http:\/\/feisal.org\/wp-content\/uploads\/2022\/04\/Captura-de-Pantalla-2022-04-12-a-las-10.21.06-a.-m.-1.png\" alt=\"\" class=\"wp-image-4171\" srcset=\"https:\/\/feisal.org\/wp-content\/uploads\/2022\/04\/Captura-de-Pantalla-2022-04-12-a-las-10.21.06-a.-m.-1.png 472w, https:\/\/feisal.org\/wp-content\/uploads\/2022\/04\/Captura-de-Pantalla-2022-04-12-a-las-10.21.06-a.-m.-1-211x300.png 211w, https:\/\/feisal.org\/wp-content\/uploads\/2022\/04\/Captura-de-Pantalla-2022-04-12-a-las-10.21.06-a.-m.-1-8x12.png 8w\" sizes=\"auto, (max-width: 472px) 100vw, 472px\" \/><\/a><\/figure>\n\n\n\n<figure class=\"wp-block-image size-large\"><a href=\"https:\/\/online.fliphtml5.com\/riltr\/nqwf\/\" target=\"_blank\" rel=\"noreferrer noopener\"><img loading=\"lazy\" decoding=\"async\" width=\"474\" height=\"672\" src=\"http:\/\/feisal.org\/wp-content\/uploads\/2020\/10\/tapaCet8m-1.png\" alt=\"\" class=\"wp-image-3849\" srcset=\"https:\/\/feisal.org\/wp-content\/uploads\/2020\/10\/tapaCet8m-1.png 474w, https:\/\/feisal.org\/wp-content\/uploads\/2020\/10\/tapaCet8m-1-212x300.png 212w, https:\/\/feisal.org\/wp-content\/uploads\/2020\/10\/tapaCet8m-1-8x12.png 8w\" sizes=\"auto, (max-width: 474px) 100vw, 474px\" \/><\/a><figcaption class=\"wp-element-caption\"><br><\/figcaption><\/figure>\n\n\n\n<figure class=\"wp-block-image size-large\"><a href=\"https:\/\/online.fliphtml5.com\/riltr\/xckx\/\" target=\"_blank\" rel=\"noreferrer noopener\"><img loading=\"lazy\" decoding=\"async\" width=\"499\" height=\"709\" src=\"http:\/\/feisal.org\/wp-content\/uploads\/2020\/10\/muestra7.png\" alt=\"\" class=\"wp-image-3829\" srcset=\"https:\/\/feisal.org\/wp-content\/uploads\/2020\/10\/muestra7.png 499w, https:\/\/feisal.org\/wp-content\/uploads\/2020\/10\/muestra7-211x300.png 211w\" sizes=\"auto, (max-width: 499px) 100vw, 499px\" \/><\/a><\/figure>\n\n\n\n<figure class=\"wp-block-image size-large\"><a href=\"https:\/\/online.fliphtml5.com\/riltr\/ongn\/\" target=\"_blank\" rel=\"noreferrer noopener\"><img loading=\"lazy\" decoding=\"async\" width=\"498\" height=\"711\" src=\"http:\/\/feisal.org\/wp-content\/uploads\/2020\/10\/muestra6.png\" alt=\"\" class=\"wp-image-3833\" srcset=\"https:\/\/feisal.org\/wp-content\/uploads\/2020\/10\/muestra6.png 498w, https:\/\/feisal.org\/wp-content\/uploads\/2020\/10\/muestra6-210x300.png 210w\" sizes=\"auto, (max-width: 498px) 100vw, 498px\" \/><\/a><\/figure>\n\n\n\n<figure class=\"wp-block-image size-large\"><a href=\"https:\/\/online.fliphtml5.com\/riltr\/zbgv\/\" target=\"_blank\" rel=\"noreferrer noopener\"><img loading=\"lazy\" decoding=\"async\" width=\"500\" height=\"710\" src=\"http:\/\/feisal.org\/wp-content\/uploads\/2020\/10\/muestra5.png\" alt=\"\" class=\"wp-image-3832\" srcset=\"https:\/\/feisal.org\/wp-content\/uploads\/2020\/10\/muestra5.png 500w, https:\/\/feisal.org\/wp-content\/uploads\/2020\/10\/muestra5-211x300.png 211w\" sizes=\"auto, (max-width: 500px) 100vw, 500px\" \/><\/a><\/figure>\n\n\n\n<figure class=\"wp-block-image size-large\"><a href=\"https:\/\/online.fliphtml5.com\/riltr\/wnei\/\" target=\"_blank\" rel=\"noreferrer noopener\"><img loading=\"lazy\" decoding=\"async\" width=\"498\" height=\"708\" src=\"http:\/\/feisal.org\/wp-content\/uploads\/2020\/10\/muestra4.png\" alt=\"\" class=\"wp-image-3831\" srcset=\"https:\/\/feisal.org\/wp-content\/uploads\/2020\/10\/muestra4.png 498w, https:\/\/feisal.org\/wp-content\/uploads\/2020\/10\/muestra4-211x300.png 211w\" sizes=\"auto, (max-width: 498px) 100vw, 498px\" \/><\/a><\/figure>\n\n\n\n<figure class=\"wp-block-image size-large\"><a href=\"https:\/\/online.fliphtml5.com\/riltr\/ksky\/\" target=\"_blank\" rel=\"noreferrer noopener\"><img loading=\"lazy\" decoding=\"async\" width=\"502\" height=\"710\" src=\"http:\/\/feisal.org\/wp-content\/uploads\/2020\/10\/muestra3.png\" alt=\"\" class=\"wp-image-3830\" srcset=\"https:\/\/feisal.org\/wp-content\/uploads\/2020\/10\/muestra3.png 502w, https:\/\/feisal.org\/wp-content\/uploads\/2020\/10\/muestra3-212x300.png 212w\" sizes=\"auto, (max-width: 502px) 100vw, 502px\" \/><\/a><\/figure>\n\n\n\n<figure class=\"wp-block-image size-large\"><a href=\"https:\/\/online.fliphtml5.com\/riltr\/uudb\/\" target=\"_blank\" rel=\"noreferrer noopener\"><img loading=\"lazy\" decoding=\"async\" width=\"501\" height=\"709\" src=\"http:\/\/feisal.org\/wp-content\/uploads\/2020\/10\/muestra2.png\" alt=\"\" class=\"wp-image-3834\" srcset=\"https:\/\/feisal.org\/wp-content\/uploads\/2020\/10\/muestra2.png 501w, https:\/\/feisal.org\/wp-content\/uploads\/2020\/10\/muestra2-212x300.png 212w\" sizes=\"auto, (max-width: 501px) 100vw, 501px\" \/><\/a><\/figure>\n<\/figure>\n\n\n\n<p><\/p>\n<\/div><\/div>\n\n\n\n<p><strong>Coordinaci\u00f3n del programa:<br>ATILIO PER\u00cdN<\/strong> y <strong>MILDRED ARCE<\/strong><br>Contacto: <a href=\"mailto:muestra@feisal.org\">muestra@feisal.org<\/a><\/p>\n","protected":false},"excerpt":{"rendered":"<p>La Muestra de Escuelas FEISAL se conforma cada a\u00f1o a partir de una selecci\u00f3n de trabajos realizados por alumnos de las escuelas del audiovisual de Am\u00e9rica Latina y el Caribe, miembros de la FEISAL. Ver los cortos de las Muestras en cinecorto.org Coordinaci\u00f3n del programa:ATILIO PER\u00cdN y MILDRED ARCEContacto: muestra@feisal.org<\/p>\n","protected":false},"author":4,"featured_media":3788,"parent":1166,"menu_order":1,"comment_status":"closed","ping_status":"closed","template":"","meta":{"footnotes":""},"class_list":["post-1475","page","type-page","status-publish","has-post-thumbnail","hentry","nodate","item-wrap"],"_links":{"self":[{"href":"https:\/\/feisal.org\/index.php?rest_route=\/wp\/v2\/pages\/1475","targetHints":{"allow":["GET"]}}],"collection":[{"href":"https:\/\/feisal.org\/index.php?rest_route=\/wp\/v2\/pages"}],"about":[{"href":"https:\/\/feisal.org\/index.php?rest_route=\/wp\/v2\/types\/page"}],"author":[{"embeddable":true,"href":"https:\/\/feisal.org\/index.php?rest_route=\/wp\/v2\/users\/4"}],"replies":[{"embeddable":true,"href":"https:\/\/feisal.org\/index.php?rest_route=%2Fwp%2Fv2%2Fcomments&post=1475"}],"version-history":[{"count":14,"href":"https:\/\/feisal.org\/index.php?rest_route=\/wp\/v2\/pages\/1475\/revisions"}],"predecessor-version":[{"id":4579,"href":"https:\/\/feisal.org\/index.php?rest_route=\/wp\/v2\/pages\/1475\/revisions\/4579"}],"up":[{"embeddable":true,"href":"https:\/\/feisal.org\/index.php?rest_route=\/wp\/v2\/pages\/1166"}],"wp:featuredmedia":[{"embeddable":true,"href":"https:\/\/feisal.org\/index.php?rest_route=\/wp\/v2\/media\/3788"}],"wp:attachment":[{"href":"https:\/\/feisal.org\/index.php?rest_route=%2Fwp%2Fv2%2Fmedia&parent=1475"}],"curies":[{"name":"wp","href":"https:\/\/api.w.org\/{rel}","templated":true}]}}