{"id":290,"date":"2012-09-05T06:25:02","date_gmt":"2012-09-05T06:25:02","guid":{"rendered":"http:\/\/feisal.org\/?page_id=290"},"modified":"2021-09-30T11:03:29","modified_gmt":"2021-09-30T14:03:29","slug":"asociarse","status":"publish","type":"page","link":"https:\/\/feisal.org\/?page_id=290","title":{"rendered":"Asociarse"},"content":{"rendered":"<p style=\"text-align: justify;\"><img loading=\"lazy\" decoding=\"async\" class=\"aligncenter wp-image-1874 size-full\" src=\"http:\/\/feisal.org\/wp-content\/uploads\/2012\/09\/Asamblea-1-e1488039558896.jpg\" width=\"908\" height=\"261\" srcset=\"https:\/\/feisal.org\/wp-content\/uploads\/2012\/09\/Asamblea-1-e1488039558896.jpg 908w, https:\/\/feisal.org\/wp-content\/uploads\/2012\/09\/Asamblea-1-e1488039558896-300x86.jpg 300w, https:\/\/feisal.org\/wp-content\/uploads\/2012\/09\/Asamblea-1-e1488039558896-768x221.jpg 768w\" sizes=\"auto, (max-width: 908px) 100vw, 908px\" \/><\/p>\n<p>Pueden ser miembros de la FEISAL todas las escuelas de ense\u00f1anza de medios audiovisuales, imagen y\/o sonido, de los pa\u00ed\u00adses Iberoamericanos, que tengan nivel terciario o superior, reconocido en sus propios pa\u00ed\u00adses.<br \/>Tambi\u00e9n pueden integrarla aquellos centros de estudio, que sin detentar el car\u00e1cter formal de escuela, est\u00e9n adscriptas a departamentos de comunicaci\u00f3n o artes audiovisuales, dependientes de Universidades Nacionales, Provinciales, Municipales, privadas, o talleres o grupos de estudio y trabajo que se dediquen a la ense\u00f1anza audiovisual, debiendo acreditar fehacientemente este car\u00e1cter.<br \/>Categor\u00ed\u00adas de asociados: Miembros:\u00a0ACTIVOS, ADHERENTES y HONORARIOS.<\/p>\n<p>Son miembros\u00a0ACTIVOS, las escuelas o entidades que se dediquen a la ense\u00f1anza de medios audiovisuales en cualquiera de sus formas totales o parciales, y que sean reconocidos como tales por la autoridad competente de sus respectivos pa\u00ed\u00adses, debiendo cumplir las siguientes condiciones:<\/p>\n<ul>\n<li>Ser presentados por dos miembros con derecho a voto, cuya permanencia en tal car\u00e1cter sea mayor de seis meses consecutivos.<\/li>\n<li>Presentar la solicitud a la Comisi\u00f3n Directiva de la Federaci\u00f3n, por medio de persona legalmente autorizada, acompa\u00f1ando la documentaci\u00f3n que se exija,<\/li>\n<li>Ser aceptados como miembro por parte de la Comisi\u00f3n Directiva, por voto de los dos tercios de miembros presentes.<\/li>\n<\/ul>\n<p>\u00a0<\/p>\n<p><span style=\"font-size: revert;\">Los miembros ACTIVOS tendr\u00e1n derecho a:<\/span><\/p>\n<ul>\n<li>Participar con voz y voto en las Asambleas<\/li>\n<li>Elegir y ser elegidos integrantes de los \u00f3rganos directivos de la FEISAL<\/li>\n<li>Proponer a la Comisi\u00f3n Directiva la incorporaci\u00f3n de nuevos asociados<\/li>\n<li>Proponer a la Comisi\u00f3n Directiva y en las Asambleas la ejecuci\u00f3n de acciones concretas tendientes al logro de los objetivos comunes.<\/li>\n<li>Gozar de los beneficios que otorga la entidad a sus asociados de acuerdo al Estatuto, Reglamento, Resoluciones de Comisi\u00f3n Directiva y Resoluciones Asamblearias.<\/li>\n<\/ul>\n<p>Miembros\u00a0ADHERENTES, son aquellas entidades o instituciones, cuyos fines sean afines al principal objeto de la F.E.I.S.A.L., as\u00ed\u00ad como aquellas empresas o instituciones p\u00fablicas o privadas que colaboren con las funciones de la F.E.I.S.A.L. y sean elegidos por la Asamblea General a propuesta de la Comisi\u00f3n Directiva o del 30% de los miembros ACTIVOS.<br \/>Pueden participar en las Asambleas pero no tienen voto, ni pueden integrar los \u00f3rganos directivos de la Federaci\u00f3n.<br \/>Son miembros adherentes todas las escuelas o entidades con menos de tres a\u00f1os de existencia al solicitar su incorporaci\u00f3n.<br \/>Pueden solicitar ser miembros ACTIVOS cuando re\u00fanan los requisitos para ello y sean aceptados.<\/p>\n<p>Son miembros\u00a0HONORARIOS\u00a0aquellas personas vinculadas al ejercicio de las tareas educativas o educadores o personalidades de la cultura, el arte o los medios audiovisuales, que, por su actuaci\u00f3n, se hayan hecho acreedoras del reconocimiento de la F.E.I.S.A.L., sean miembros o no de la misma.<br \/>Son designados por la Asamblea General a propuesta de la Comisi\u00f3n Directiva o del 30% de los miembros ACTIVOS.<br \/>Carecen de voto y no pueden ser miembros de la Comisi\u00f3n Directiva.<br \/>Pueden proponer la incorporaci\u00f3n de nuevos asociados.<\/p>\n<p>Procedimiento<br \/>1.- La instituci\u00f3n educativa que desee ser miembros de FEISAL, presenta la solicitud a la Comisi\u00f3n Directiva de la Federaci\u00f3n, por medio de persona legalmente autorizada, acompa\u00f1ando la documentaci\u00f3n necesaria. En su solicitud la instituci\u00f3n educativa solicitante deber\u00e1 indicar su deseo de ser incluida en la FEISAL como socio adherente o activo.<br \/>Documentaci\u00f3n<br \/>a.- 2 (dos) notas de presentaci\u00f3n de escuelas miembros de FEISAL.<br \/>b.- Documentaci\u00f3n que acredite la existencia legal de la instituci\u00f3n y su l\u00ed\u00adnea de dependencia o pertenencia a otras instituciones estatales o privadas. (Acta constitutiva o norma legal).<br \/>c.- Informaci\u00f3n sobre sus actividades, dise\u00f1o curricular, programas de ense\u00f1anza, infraestructura y equipamiento<br \/>d.- Autoridades y plantel de profesores.<br \/>e.- Toda otra informaci\u00f3n que considere relevante para la evaluaci\u00f3n de la instituci\u00f3n.<\/p>\n<p>La informaci\u00f3n es enviada en copia electr\u00f3nica a la vicepresidencia de la Comisi\u00f3n Directiva con una anticipaci\u00f3n no menor a los 60 d\u00ed\u00adas de la fecha de realizaci\u00f3n de la pr\u00f3xima reuni\u00f3n de Comisi\u00f3n Directiva.<br \/>Si la Comisi\u00f3n Directiva lo considera necesario solicitar\u00e1 a la instituci\u00f3n otra documentaci\u00f3n complementaria para su evaluaci\u00f3n.<\/p>\n<p>2.- La Comisi\u00f3n Directiva, en su pr\u00f3xima reuni\u00f3n considera el informe presentado por su Vicepresidente y dictamina sobre la aceptaci\u00f3n de la instituci\u00f3n como miembro, por voto de los dos tercios de miembros presentes. Esta resoluci\u00f3n se comunica al interesado.<\/p>\n<p>3.- La Asamblea General, en su pr\u00f3xima reuni\u00f3n ratifica la condici\u00f3n de socio de la instituci\u00f3n solicitante. A partir de esa instancia la instituci\u00f3n gozar\u00e1 de los beneficios y tendr\u00e1 las obligaciones correspondientes a los socios, establecidos en los estatutos y reglamentos de FEISAL.<\/p>\n<p style=\"text-align: justify;\"><strong>Contacto: <a href=\"mailto:info@feisal.org\">info@feisal.org<\/a><\/strong><\/p>\n\n\n<p><\/p>\n","protected":false},"excerpt":{"rendered":"<p>Pueden ser miembros de la FEISAL todas las escuelas de ense\u00f1anza de medios audiovisuales, imagen y\/o sonido, de los pa\u00ed\u00adses Iberoamericanos, que tengan nivel terciario o superior, reconocido en sus propios pa\u00ed\u00adses.Tambi\u00e9n pueden integrarla aquellos centros de estudio, que sin detentar el car\u00e1cter formal de escuela, est\u00e9n adscriptas a departamentos de comunicaci\u00f3n o artes audiovisuales, &hellip; <\/p>\n<p><a class=\"more-link btn\" href=\"https:\/\/feisal.org\/?page_id=290\">Seguir leyendo<\/a><\/p>\n","protected":false},"author":4,"featured_media":3769,"parent":505,"menu_order":4,"comment_status":"closed","ping_status":"closed","template":"","meta":{"footnotes":""},"class_list":["post-290","page","type-page","status-publish","has-post-thumbnail","hentry","nodate","item-wrap"],"_links":{"self":[{"href":"https:\/\/feisal.org\/index.php?rest_route=\/wp\/v2\/pages\/290","targetHints":{"allow":["GET"]}}],"collection":[{"href":"https:\/\/feisal.org\/index.php?rest_route=\/wp\/v2\/pages"}],"about":[{"href":"https:\/\/feisal.org\/index.php?rest_route=\/wp\/v2\/types\/page"}],"author":[{"embeddable":true,"href":"https:\/\/feisal.org\/index.php?rest_route=\/wp\/v2\/users\/4"}],"replies":[{"embeddable":true,"href":"https:\/\/feisal.org\/index.php?rest_route=%2Fwp%2Fv2%2Fcomments&post=290"}],"version-history":[{"count":1,"href":"https:\/\/feisal.org\/index.php?rest_route=\/wp\/v2\/pages\/290\/revisions"}],"predecessor-version":[{"id":4067,"href":"https:\/\/feisal.org\/index.php?rest_route=\/wp\/v2\/pages\/290\/revisions\/4067"}],"up":[{"embeddable":true,"href":"https:\/\/feisal.org\/index.php?rest_route=\/wp\/v2\/pages\/505"}],"wp:featuredmedia":[{"embeddable":true,"href":"https:\/\/feisal.org\/index.php?rest_route=\/wp\/v2\/media\/3769"}],"wp:attachment":[{"href":"https:\/\/feisal.org\/index.php?rest_route=%2Fwp%2Fv2%2Fmedia&parent=290"}],"curies":[{"name":"wp","href":"https:\/\/api.w.org\/{rel}","templated":true}]}}