{"id":4261,"date":"2022-12-02T14:37:43","date_gmt":"2022-12-02T17:37:43","guid":{"rendered":"https:\/\/feisal.org\/?page_id=4261"},"modified":"2025-12-20T11:24:11","modified_gmt":"2025-12-20T14:24:11","slug":"cuadernos","status":"publish","type":"page","link":"https:\/\/feisal.org\/?page_id=4261","title":{"rendered":"Cuadernos FEISAL"},"content":{"rendered":"\n<p>Los <strong>Cuadernos FEISAL<\/strong> se proponen como un espacio para reflexionar y abrir debates sobre el audiovisual latinoamericano a partir de la producci\u00f3n que llevan adelante las y los docentes de las carreras miembros de la Federaci\u00f3n.<\/p>\n\n\n\n<div class=\"wp-block-buttons is-content-justification-center is-layout-flex wp-container-core-buttons-is-layout-1 wp-block-buttons-is-layout-flex\">\n<div class=\"wp-block-button\"><a class=\"wp-block-button__link wp-element-button\" href=\"https:\/\/feisal.org\/?page_id=4600\">POSTULAR ART\u00cdCULO PARRA CUADERNOS FEISAL<\/a><\/div>\n<\/div>\n\n\n\n<p>Cliqueando en la portada de cada una de las publicaciones se puede acceder al archivo que es de distribuci\u00f3n gratuita<\/p>\n\n\n\n<figure class=\"wp-block-table has-small-font-size\"><table><tbody><tr><td class=\"has-text-align-left\" data-align=\"left\"><strong>LOS VIAJES DEL CINE LATINOAMERICANO<br><\/strong><br>\u00cdndice:<br><strong>Pr\u00f3logo<\/strong><br>H\u00e9ctor Kohen<br><br><mark style=\"background-color:rgba(0, 0, 0, 0)\" class=\"has-inline-color has-black-color\"><strong>Tr\u00e1ficos Audiovisuales<\/strong><br><\/mark><br><strong>Una mirada entrefronteras: mapeando pol\u00edticas y proyectos entre el sur de Brasil, noroeste de Argentina, Paraguay y Uruguay<\/strong><br>Francielli Rebelatto, Heissy Amanda Hern\u00e1ndez Ota\u00f1o, Jos\u00e9 Antonio L\u00f3pez D\u00edaz, Tamires Souza<br><br><strong>Hacia un cine caribe\u00f1o m\u00e1s conectado<br><\/strong>Mary Leonard<br><br><strong><mark style=\"background-color:#abb8c3\" class=\"has-inline-color has-black-color\">Representaciones<\/mark><\/strong><br><br><strong>Los ni\u00f1os de esta casa. Notas sobre el cine dominicano contempor\u00e1neo<br><\/strong>Diego Cepeda<br><br><strong>Un viaje al infinito: Lo fant\u00e1stico como expresi\u00f3n de identidad en el audiovisual latinoamericano y caribe\u00f1o<br><\/strong>Eva P\u00e9rez Barreto<br><br><strong>Notas sobre cine en Guatemala<br><\/strong>Sergio Vald\u00e9s Pedroni<br><br><mark style=\"background-color:#abb8c3\" class=\"has-inline-color has-black-color\"><strong>Entre \u201cautores\u201d y \u201ct\u00e9cnicos\u201d<\/strong><br><\/mark><br><strong>Aportes de Carlos \u00c1lvarez al cine de lo real<br><\/strong>Felipe Moreno Salazar<br><br><strong>La formaci\u00f3n h\u00edbrida: hacia un nuevo perfil profesional en el audiovisual latinoamericano<br><\/strong>Carlos Roberto Ruiz Monasterio<\/td><td class=\"has-text-align-right\" data-align=\"right\"><a href=\"https:\/\/drive.google.com\/file\/d\/1T4DJueLwQi4e1BR69k46xE1FJOX1W34g\/view?usp=share_link\" target=\"_blank\" rel=\"noreferrer noopener\"><\/a><br><br><a href=\"https:\/\/drive.google.com\/file\/d\/1Dj4Gpg77ZmRsX42yFnuRWztkQ1xK1J9-\/view?usp=drive_link\" data-type=\"link\" data-id=\"https:\/\/drive.google.com\/file\/d\/1Dj4Gpg77ZmRsX42yFnuRWztkQ1xK1J9-\/view?usp=drive_link\"><img loading=\"lazy\" decoding=\"async\" width=\"600\" height=\"828\" class=\"wp-image-4633\" style=\"width: 600px;\" src=\"http:\/\/feisal.org\/wp-content\/uploads\/2025\/11\/Screenshot_20251123-102154_Drive.jpg\" alt=\"\" srcset=\"https:\/\/feisal.org\/wp-content\/uploads\/2025\/11\/Screenshot_20251123-102154_Drive.jpg 651w, https:\/\/feisal.org\/wp-content\/uploads\/2025\/11\/Screenshot_20251123-102154_Drive-217x300.jpg 217w, https:\/\/feisal.org\/wp-content\/uploads\/2025\/11\/Screenshot_20251123-102154_Drive-9x12.jpg 9w\" sizes=\"auto, (max-width: 600px) 100vw, 600px\" \/><\/a><\/td><\/tr><\/tbody><\/table><\/figure>\n\n\n\n<figure class=\"wp-block-table has-small-font-size\"><table><tbody><tr><td class=\"has-text-align-left\" data-align=\"left\"><strong>LOS CAMINOS DEL AUDIOVISUAL LATINOAMERICANO<\/strong><br><br>\u00cdndice:<br><strong>Pr\u00f3logo<\/strong><br>H\u00e9ctor Kohen<br><br><mark style=\"background-color:#abb8c3\" class=\"has-inline-color\"><strong>TR\u00c1FICOS AUDIOVISUALES<\/strong><br><\/mark><br><strong>La persistencia del tiempo. Un an\u00e1lisis sobre las formas cinematogr\u00e1ficas en <em>Prisioneros de la Tierrao<\/em>. <\/strong><br>Iv\u00e1n Tokman<br><br><strong><mark style=\"background-color:#abb8c3\" class=\"has-inline-color\">IDENTIDADES: V\u00cdNCULOS REGIONALES EN LA CONSTRUCCI\u00d3N DE CINEMATOGRAF\u00cdAS LOCALES<\/mark><\/strong><br><br><strong>Cine DOC (Denominaci\u00f3n de origen controlado). Un rastreo por las producciones cinematogr\u00e1ficas \u00edntegramente mendocinas.<\/strong><br>Gustavo Casanova<br><br><strong>Traslaciones del cine argentino.<\/strong><br>Enrique Oyhandy<br><strong><br>Do f\u00f3rum entre fronteiras ao mercado entre fronteiras: pol\u00edticas p\u00fablicas para a integra\u00e7\u00e3o do cinema realizado entre sul do Brasil, noroeste Argentina e Paraguai<\/strong><br>Francieli Rebelatto<br><br><strong><mark style=\"background-color:#abb8c3\" class=\"has-inline-color\">ENTRE AUTORES Y T\u00c9CNICOS: LA FORMACI\u00d3N PARA EL AUDIOVISUAL LATINOAMERICANO<\/mark><\/strong><br><br><strong>Ver y filmar, filmar para ver. \u00bfVer para qu\u00e9? \u00bfFilmar para qu\u00e9? Entre Agn\u00e8s Varda y Chris Marker. El lugar espectador<\/strong><br>C\u00e9sar Padilla<br><br><strong>Tensiones entre teor\u00eda y praxis en la formaci\u00f3n de Realizadores Audiovisuales: Reflexiones acerca de la necesidad de pedagogizar la t\u00e9cnica. \u00bfCu\u00e1l es la did\u00e1ctica espec\u00edfica necesaria para la transposici\u00f3n del oficio del cine?<\/strong><br>Mar\u00eda Sof\u00eda Borsini<br><br><strong>Escritura cinematogr\u00e1fica y autor\u00eda: reflexiones en torno a Cacer\u00edas imaginarias<br>de Paula Markovitch<\/strong><br>Paola Sol\u00e1<\/td><td class=\"has-text-align-right\" data-align=\"right\"><a href=\"https:\/\/drive.google.com\/file\/d\/1T4DJueLwQi4e1BR69k46xE1FJOX1W34g\/view?usp=share_link\" target=\"_blank\" rel=\"noreferrer noopener\"><\/a><br><br><a href=\"https:\/\/drive.google.com\/file\/d\/14Tm8FY0_Mwklqqi4JpZBU44lmur4XJWH\/view?usp=sharing\" target=\"_blank\" rel=\"noreferrer noopener\"><img loading=\"lazy\" decoding=\"async\" width=\"600\" height=\"853\" class=\"wp-image-4568\" style=\"width: 600px;\" src=\"http:\/\/feisal.org\/wp-content\/uploads\/2024\/08\/Cuadernos-3-Tapa.png\" alt=\"\" srcset=\"https:\/\/feisal.org\/wp-content\/uploads\/2024\/08\/Cuadernos-3-Tapa.png 1088w, https:\/\/feisal.org\/wp-content\/uploads\/2024\/08\/Cuadernos-3-Tapa-211x300.png 211w, https:\/\/feisal.org\/wp-content\/uploads\/2024\/08\/Cuadernos-3-Tapa-721x1024.png 721w, https:\/\/feisal.org\/wp-content\/uploads\/2024\/08\/Cuadernos-3-Tapa-768x1091.png 768w, https:\/\/feisal.org\/wp-content\/uploads\/2024\/08\/Cuadernos-3-Tapa-1081x1536.png 1081w, https:\/\/feisal.org\/wp-content\/uploads\/2024\/08\/Cuadernos-3-Tapa-8x12.png 8w, https:\/\/feisal.org\/wp-content\/uploads\/2024\/08\/Cuadernos-3-Tapa-750x1066.png 750w\" sizes=\"auto, (max-width: 600px) 100vw, 600px\" \/><\/a><\/td><\/tr><\/tbody><\/table><\/figure>\n\n\n\n<figure class=\"wp-block-table has-small-font-size\"><table><tbody><tr><td><strong>APROPIACIONES EST\u00c9TICAS LATINOAMERICANAS<\/strong><br><br>\u00cdndice:<br><strong>Pr\u00f3logo<\/strong><br>H\u00e9ctor Kohen<br><br><strong>Ficciones privadas, memorias porosas e im\u00e1genes resistentes.<br>La dimensi\u00f3n de lo familiar en dos ejemplos de cine-ensayo argentino. <\/strong>Giovanni Festa<br><br><strong>Retratos de familia en la ficci\u00f3n seriada televisual: la matriz c\u00f3mica en Argentina (1950-2010)<\/strong><br>Cristina A. Siragusa<br><br><strong>\u00bfRealmente son necesarios los remakes? Apuntes para un entendimiento de las reimaginaciones del cine contempor\u00e1neo<\/strong><br>Juan Ram\u00f3n Agundez Vargas<br><strong><br>El orden de las im\u00e1genes. Notas sobre los g\u00e9neros cinematogr\u00e1fico<\/strong><br>Enrique Oyhandy<br><br><strong>Canciones, f\u00fatbol y bananas: cruces entre cultura popular y masiva en Rudo y cursi (Carlos Cuar\u00f3n, 2008)<\/strong><br>Luc\u00eda Rodr\u00edguez Riva <br><br><strong>Resistir desde los m\u00e1rgenes. Ciencia ficci\u00f3n villera en el cine argentino. Una lectura de <em>El nexo<\/em> (2007) de Sebasti\u00e1n Antico<\/strong><br>Paola Sol\u00e1<br><br><strong>Una aproximaci\u00f3n a los g\u00e9neros<\/strong><br>Alberto H. Tricarico y Marcelo Vieguer<br><br><strong>Forma, est\u00e9tica-dist\u00f3pica y tecnolog\u00eda: Love, Death &amp; Robots<\/strong><br>Rosa Herlinda Beltr\u00e1n Pedr\u00edn y Jes\u00fas Humberto Orozco Orozco<br><br><strong>Debacle del proyecto moderno: de utop\u00edas y distop\u00edas<\/strong><br>Jos\u00e9 Guzzi<br><br><strong>Ver para escuchar en la practica investigativa. Experiencia de aproximaci\u00f3n a la investigaci\u00f3n formativa desde la Realizaci\u00f3n audiovisual.<\/strong><br>Camilo Andr\u00e9s Medina Fuentes, Juan Nicol\u00e1s Moreno Ni\u00f1o y Nicol\u00e1s Samac\u00e1 S\u00e1nchez<br><br><strong>Pol\u00edtica del documental de archivo. Postdictadura y estetizaci\u00f3n de las memorias en el cine documental latinoamericano.<\/strong><br>Ricardo Soto Uribe<\/td><td class=\"has-text-align-right\" data-align=\"right\"><a rel=\"noreferrer noopener\" href=\"https:\/\/drive.google.com\/file\/d\/1T4DJueLwQi4e1BR69k46xE1FJOX1W34g\/view?usp=share_link\" target=\"_blank\"><\/a><br><br><a href=\"https:\/\/drive.google.com\/file\/d\/1bEWeCve7VWxtPW2bUzXo7PYDoSp3-7IM\/view?usp=share_link\" target=\"_blank\" rel=\"noreferrer noopener\"><img loading=\"lazy\" decoding=\"async\" width=\"600\" height=\"848\" class=\"wp-image-4484\" style=\"width: 600px;\" src=\"http:\/\/feisal.org\/wp-content\/uploads\/2023\/10\/Cuadernos-Feisal-N\u00b02-tapa.png\" alt=\"\" srcset=\"https:\/\/feisal.org\/wp-content\/uploads\/2023\/10\/Cuadernos-Feisal-N\u00b02-tapa.png 1654w, https:\/\/feisal.org\/wp-content\/uploads\/2023\/10\/Cuadernos-Feisal-N\u00b02-tapa-212x300.png 212w, https:\/\/feisal.org\/wp-content\/uploads\/2023\/10\/Cuadernos-Feisal-N\u00b02-tapa-724x1024.png 724w, https:\/\/feisal.org\/wp-content\/uploads\/2023\/10\/Cuadernos-Feisal-N\u00b02-tapa-768x1086.png 768w, https:\/\/feisal.org\/wp-content\/uploads\/2023\/10\/Cuadernos-Feisal-N\u00b02-tapa-1086x1536.png 1086w, https:\/\/feisal.org\/wp-content\/uploads\/2023\/10\/Cuadernos-Feisal-N\u00b02-tapa-1448x2048.png 1448w, https:\/\/feisal.org\/wp-content\/uploads\/2023\/10\/Cuadernos-Feisal-N\u00b02-tapa-8x12.png 8w, https:\/\/feisal.org\/wp-content\/uploads\/2023\/10\/Cuadernos-Feisal-N\u00b02-tapa-750x1061.png 750w\" sizes=\"auto, (max-width: 600px) 100vw, 600px\" \/><\/a><\/td><\/tr><\/tbody><\/table><\/figure>\n\n\n\n<figure class=\"wp-block-table has-small-font-size\"><table><tbody><tr><td><strong>TOMA UNO<br><\/strong><br>\u00cdndice:<br><strong>Pr\u00f3logo<\/strong><br>H\u00e9ctor Kohen<br><br><strong>Crematorio: breve an\u00e1lisis de la situaci\u00f3n de la Cinemateca Brasile\u00f1a<\/strong><br>Ignacio del Valle D\u00e1vila<br><br><strong>Cine y juego: Ra\u00fal Ruiz en el c\u00edrculo m\u00e1gico<\/strong><br>Udo Jacobsen Camus<br><br><strong>Apuntes sobre la comedia rom\u00e1ntica argentina del nuevo siglo<\/strong><br>Luc\u00eda Rodr\u00edguez Riva<br><br><strong>Cabra marcada para conversar. La corporalidad presente de Eduardo Coutinho en su obra documental<\/strong><br>Melina Serber<br><br><strong>La batalla por el tiempo. Anacronismo, po\u00e9tica y memoria pol\u00edtica en el cine documental de Patricio Guzm\u00e1n<\/strong><br>Ricardo Soto Uribe<br><br><strong>Introducci\u00f3n te\u00f3rica a Relatos salvajes (2014) de Dami\u00e1n Szifr\u00f3n<\/strong><br>Alberto H. Tricarico<br><br><strong>Pierre Chenal, todo un autor<\/strong><br>Marcelo Vieguer<\/td><td class=\"has-text-align-right\" data-align=\"right\"><a rel=\"noreferrer noopener\" href=\"https:\/\/drive.google.com\/file\/d\/1T4DJueLwQi4e1BR69k46xE1FJOX1W34g\/view?usp=share_link\" target=\"_blank\"><\/a><br><br><a href=\"https:\/\/drive.google.com\/file\/d\/1T4DJueLwQi4e1BR69k46xE1FJOX1W34g\/view\" target=\"_blank\" rel=\"noreferrer noopener\"><img loading=\"lazy\" decoding=\"async\" width=\"600\" height=\"865\" class=\"wp-image-4262\" style=\"width: 600px;\" src=\"http:\/\/feisal.org\/wp-content\/uploads\/2022\/12\/tapaCUAD1.png\" alt=\"\" srcset=\"https:\/\/feisal.org\/wp-content\/uploads\/2022\/12\/tapaCUAD1.png 2306w, https:\/\/feisal.org\/wp-content\/uploads\/2022\/12\/tapaCUAD1-208x300.png 208w, https:\/\/feisal.org\/wp-content\/uploads\/2022\/12\/tapaCUAD1-710x1024.png 710w, https:\/\/feisal.org\/wp-content\/uploads\/2022\/12\/tapaCUAD1-768x1107.png 768w, https:\/\/feisal.org\/wp-content\/uploads\/2022\/12\/tapaCUAD1-1065x1536.png 1065w, https:\/\/feisal.org\/wp-content\/uploads\/2022\/12\/tapaCUAD1-1420x2048.png 1420w, https:\/\/feisal.org\/wp-content\/uploads\/2022\/12\/tapaCUAD1-8x12.png 8w, https:\/\/feisal.org\/wp-content\/uploads\/2022\/12\/tapaCUAD1-750x1081.png 750w\" sizes=\"auto, (max-width: 600px) 100vw, 600px\" \/><\/a><\/td><\/tr><\/tbody><\/table><\/figure>\n","protected":false},"excerpt":{"rendered":"<p>Los Cuadernos FEISAL se proponen como un espacio para reflexionar y abrir debates sobre el audiovisual latinoamericano a partir de la producci\u00f3n que llevan adelante las y los docentes de las carreras miembros de la Federaci\u00f3n. Cliqueando en la portada de cada una de las publicaciones se puede acceder al archivo que es de distribuci\u00f3n &hellip; <\/p>\n<p><a class=\"more-link btn\" href=\"https:\/\/feisal.org\/?page_id=4261\">Seguir leyendo<\/a><\/p>\n","protected":false},"author":4,"featured_media":0,"parent":0,"menu_order":0,"comment_status":"closed","ping_status":"closed","template":"","meta":{"footnotes":""},"class_list":["post-4261","page","type-page","status-publish","hentry","nodate","item-wrap"],"_links":{"self":[{"href":"https:\/\/feisal.org\/index.php?rest_route=\/wp\/v2\/pages\/4261","targetHints":{"allow":["GET"]}}],"collection":[{"href":"https:\/\/feisal.org\/index.php?rest_route=\/wp\/v2\/pages"}],"about":[{"href":"https:\/\/feisal.org\/index.php?rest_route=\/wp\/v2\/types\/page"}],"author":[{"embeddable":true,"href":"https:\/\/feisal.org\/index.php?rest_route=\/wp\/v2\/users\/4"}],"replies":[{"embeddable":true,"href":"https:\/\/feisal.org\/index.php?rest_route=%2Fwp%2Fv2%2Fcomments&post=4261"}],"version-history":[{"count":11,"href":"https:\/\/feisal.org\/index.php?rest_route=\/wp\/v2\/pages\/4261\/revisions"}],"predecessor-version":[{"id":4638,"href":"https:\/\/feisal.org\/index.php?rest_route=\/wp\/v2\/pages\/4261\/revisions\/4638"}],"wp:attachment":[{"href":"https:\/\/feisal.org\/index.php?rest_route=%2Fwp%2Fv2%2Fmedia&parent=4261"}],"curies":[{"name":"wp","href":"https:\/\/api.w.org\/{rel}","templated":true}]}}