{"id":4600,"date":"2025-05-13T10:51:36","date_gmt":"2025-05-13T13:51:36","guid":{"rendered":"https:\/\/feisal.org\/?page_id=4600"},"modified":"2025-05-13T10:51:37","modified_gmt":"2025-05-13T13:51:37","slug":"envio-de-articulos-a-cuadernos-feisal","status":"publish","type":"page","link":"https:\/\/feisal.org\/?page_id=4600","title":{"rendered":"Env\u00edo de art\u00edculos a Cuadernos FEISAL"},"content":{"rendered":"\n<p>Aqu\u00ed tienen la posibilidad de proponer art\u00edculos para pr\u00f3ximas ediciones de Cuadernos FEISAL<\/p>\n\n\n\n<div class=\"wp-block-columns is-layout-flex wp-container-core-columns-is-layout-1 wp-block-columns-is-layout-flex\">\n<div class=\"wp-block-column is-layout-flow wp-block-column-is-layout-flow\" style=\"flex-basis:66.66%\">\n<p>CUADERNOS FEISAL cuenta con algunas secciones fijas en sus diferentes ediciones, para las cuales recibimos art\u00edcuos en cualquier momento del a\u00f1o para considerarlos para su publicaci\u00f3n:<\/p>\n\n\n\n<ul class=\"wp-block-list\">\n<li><strong>Tr\u00e1ficos Audiovisuales<\/strong> &#8211; V\u00ednculos regionales en el desarrollo de cinematograf\u00edas locales<\/li>\n\n\n\n<li><strong>Representaciones <\/strong>&#8211; La construcci\u00f3n de identidades latinoamericanas en el audiovisual<\/li>\n\n\n\n<li><strong>Entre \u201cautores\u201d y \u201ct\u00e9cnicos\u201d<\/strong> &#8211; La formaci\u00f3n para el audiovisual latinoamericano<\/li>\n\n\n\n<li><strong>G\u00e9neros cinematogr\u00e1ficos<\/strong> &#8211; Formas y formatos en el cine de Am\u00e9rica Latina<\/li>\n\n\n\n<li><strong>Utop\u00edas y distopias<\/strong> &#8211; Construcciones simb\u00f3licas del futuro<\/li>\n<\/ul>\n\n\n\n<p>En caso de querer postular un art\u00edculo que no se vea enmarcado por ninguno de estos agrupamientos podr\u00e1n hacerlo proponiendo cu\u00e1l ser\u00eda el eje tem\u00e1tico en el que lo encuadran<\/p>\n\n\n\n<hr class=\"wp-block-separator has-alpha-channel-opacity is-style-default\"\/>\n\n\n\n<p><strong>Antes de enviar su art\u00edculo<\/strong><\/p>\n\n\n\n<p>Corrobore que su env\u00edo cumpla con los puntos indicados a continuaci\u00f3n. Los art\u00edculos que no cumplan con alguno de ellos no ser\u00e1n tenidos en cuenta:<\/p>\n\n\n\n<ul class=\"wp-block-list\">\n<li>El texto es original e in\u00e9dito, no est\u00e1 publicado ni disponible en Internet, no ha sido remitido simult\u00e1neamente a otra revista ni est\u00e1 pendiente de evaluaci\u00f3n para su publicaci\u00f3n en ning\u00fan otro medio.<\/li>\n\n\n\n<li>El archivo de texto debe estar en formato Microsoft Word.<\/li>\n\n\n\n<li>Los pies de foto de las ilustraciones, las figuras y las tablas est\u00e1n referenciadas dentro del texto en el sitio que les corresponde y no al final del documento.<\/li>\n\n\n\n<li>Las im\u00e1genes, las figuras y las tablas est\u00e1n en archivo aparte, en formato JPG y nominadas seg\u00fan lo establecido en Formato de art\u00edculos para CF<\/li>\n\n\n\n<li>El texto cumple con los requisitos bibliogr\u00e1ficos y de estilo indicados en Formato de art\u00edculos para CF.<\/li>\n\n\n\n<li>Se han a\u00f1adido direcciones web para las referencias donde ha sido posible.<\/li>\n<\/ul>\n\n\n\n<hr class=\"wp-block-separator has-alpha-channel-opacity is-style-default\"\/>\n\n\n\n<p><strong>Formato de art\u00edculos para CF<\/strong><\/p>\n\n\n\n<ul class=\"wp-block-list\">\n<li>Cada art\u00edculo deber\u00e1n indicar su t\u00edtulo, autor\/as\/es y la pertenencia a una c\u00e1tedra que forme parte de alguna de las carreras miembros de FEISAL<\/li>\n\n\n\n<li>El texto deber\u00e1 tener entre 7 y 10 p\u00e1ginas, incluyendo referencias bibliogr\u00e1ficas y filmogr\u00e1ficas<\/li>\n\n\n\n<li>Tama\u00f1o de p\u00e1gina: A4<\/li>\n\n\n\n<li>M\u00e1rgenes: normal (superior e inferior: 2,5 cm, derecho e izquierdo: 3 cm)<\/li>\n\n\n\n<li>Fuente: Arial, tama\u00f1o 11<\/li>\n\n\n\n<li>Interlineado; 1,5 l\u00edneas (excepto en tablas: 1,15)<\/li>\n\n\n\n<li>Cuando se utilicen ideas, pensamientos o frases de otros autores la colecci\u00f3n sigue los lineamientos de las Normas APA<\/li>\n\n\n\n<li>Im\u00e1genes: cada art\u00edculo deber\u00e1 presentarse con una imagen \u201cconceptual\u201d que refiera al tema a tratar en el mismo y que se utilizar\u00e1 como encabezado del mismo. Adicionalmente en cada art\u00edculo se podr\u00e1n incorporar hasta 4 im\u00e1genes ilustrativas que acompa\u00f1en al texto (esto incluye gr\u00e1ficas y tablas en caso de ser necesarias). En todos los casos deber\u00e1n cumplir con los siguientes requerimientos:\n<ul class=\"wp-block-list\">\n<li>Las figuras se insertan en el documento, en el lugar en que corresponda.<\/li>\n\n\n\n<li>Adem\u00e1s, en el env\u00edo de originales, deber\u00e1n incluirse por separado los archivos respectivos de cada figura, nombrados como \u201cFigura 1.1\u201d, \u201cFigura 1.2\u201d, etc.<\/li>\n\n\n\n<li>Resoluci\u00f3n: debe tener preferentemente 300 dpi o, como m\u00ednimo, 150 dpi.<\/li>\n\n\n\n<li>Tipos de archivo: extensi\u00f3n JPG, TIFF, EPS o PNG.<\/li>\n\n\n\n<li>No se escribir\u00e1 texto a la derecha ni a la izquierda, bordeando la imagen.<\/li>\n<\/ul>\n<\/li>\n\n\n\n<li>Los\/as autores\/as de los art\u00edculos deber\u00e1n presentar las correspondientes cartas de autorizaci\u00f3n a FEISAL para la publicaci\u00f3n del mismo y respecto del rastreo de los permisos correspondientes para el uso de im\u00e1genes (en caso de que fuere necesario).<\/li>\n<\/ul>\n\n\n\n<hr class=\"wp-block-separator has-alpha-channel-opacity\"\/>\n\n\n\n<p><strong>Materiales que deben incluirse en el ENV\u00cdO<\/strong><\/p>\n\n\n\n<p><strong>&#8211; Texto del art\u00edculo<\/strong>&nbsp;(en formato .doc o .dox)<br><strong>&#8211; Im\u00e1genes<\/strong>&nbsp;(en archivo aparte y seg\u00fan lo establecido en <strong>Formato de art\u00edculos para CF) <\/strong><br><strong>&#8211; <a href=\"https:\/\/docs.google.com\/document\/d\/1fRD7q2hLoIfzFgJkERUIrjUOut5M0Z5_\/edit?usp=sharing&amp;ouid=110672906968762722726&amp;rtpof=true&amp;sd=true\">Declaraci\u00f3n de originalidad<\/a><\/strong><br><strong>&#8211; <a href=\"https:\/\/docs.google.com\/document\/d\/1ydVlwzPrse3ce-AmYRt3wo2Vk4tf69Zn\/edit?usp=sharing&amp;ouid=110672906968762722726&amp;rtpof=true&amp;sd=true\">Autorizaci\u00f3n de cesi\u00f3n no exclusiva de derechos<\/a><\/strong><\/p>\n<\/div>\n\n\n\n<div class=\"wp-block-column is-layout-flow wp-block-column-is-layout-flow\" style=\"flex-basis:30%\">\n<div class=\"wp-block-buttons is-content-justification-center is-layout-flex wp-container-core-buttons-is-layout-1 wp-block-buttons-is-layout-flex\">\n<div class=\"wp-block-button\"><a class=\"wp-block-button__link wp-element-button\" href=\"https:\/\/forms.gle\/DfqTJRRfPNfLjfrX9\">ENVIAR UN ART\u00cdCULO<\/a><\/div>\n<\/div>\n\n\n\n<hr class=\"wp-block-separator has-alpha-channel-opacity is-style-wide\"\/>\n\n\n\n<p class=\"has-text-align-center has-cyan-bluish-gray-background-color has-background\">Descargar la Colecci\u00f3n<\/p>\n\n\n\n<figure class=\"wp-block-gallery has-nested-images columns-1 is-cropped has-cyan-bluish-gray-background-color has-background wp-block-gallery-1 is-layout-flex wp-block-gallery-is-layout-flex\">\n<figure class=\"wp-block-image size-large\"><a href=\"https:\/\/drive.google.com\/file\/d\/14Tm8FY0_Mwklqqi4JpZBU44lmur4XJWH\/view?usp=sharing\" target=\"_blank\" rel=\" noreferrer noopener\"><img loading=\"lazy\" decoding=\"async\" width=\"721\" height=\"1024\" src=\"https:\/\/feisal.org\/wp-content\/uploads\/2024\/08\/Cuadernos-3-Tapa-721x1024.png\" alt=\"\" class=\"wp-image-4568\" srcset=\"https:\/\/feisal.org\/wp-content\/uploads\/2024\/08\/Cuadernos-3-Tapa-721x1024.png 721w, https:\/\/feisal.org\/wp-content\/uploads\/2024\/08\/Cuadernos-3-Tapa-211x300.png 211w, https:\/\/feisal.org\/wp-content\/uploads\/2024\/08\/Cuadernos-3-Tapa-768x1091.png 768w, https:\/\/feisal.org\/wp-content\/uploads\/2024\/08\/Cuadernos-3-Tapa-1081x1536.png 1081w, https:\/\/feisal.org\/wp-content\/uploads\/2024\/08\/Cuadernos-3-Tapa-8x12.png 8w, https:\/\/feisal.org\/wp-content\/uploads\/2024\/08\/Cuadernos-3-Tapa-750x1066.png 750w, https:\/\/feisal.org\/wp-content\/uploads\/2024\/08\/Cuadernos-3-Tapa.png 1088w\" sizes=\"auto, (max-width: 721px) 100vw, 721px\" \/><\/a><\/figure>\n\n\n\n<figure class=\"wp-block-image size-large is-style-default\"><a href=\"https:\/\/drive.google.com\/file\/d\/1bEWeCve7VWxtPW2bUzXo7PYDoSp3-7IM\/view?usp=share_link\" target=\"_blank\" rel=\" noreferrer noopener\"><img loading=\"lazy\" decoding=\"async\" width=\"724\" height=\"1024\" src=\"https:\/\/feisal.org\/wp-content\/uploads\/2023\/10\/Cuadernos-Feisal-N\u00b02-tapa-724x1024.png\" alt=\"\" class=\"wp-image-4484\" srcset=\"https:\/\/feisal.org\/wp-content\/uploads\/2023\/10\/Cuadernos-Feisal-N\u00b02-tapa-724x1024.png 724w, https:\/\/feisal.org\/wp-content\/uploads\/2023\/10\/Cuadernos-Feisal-N\u00b02-tapa-212x300.png 212w, https:\/\/feisal.org\/wp-content\/uploads\/2023\/10\/Cuadernos-Feisal-N\u00b02-tapa-768x1086.png 768w, https:\/\/feisal.org\/wp-content\/uploads\/2023\/10\/Cuadernos-Feisal-N\u00b02-tapa-1086x1536.png 1086w, https:\/\/feisal.org\/wp-content\/uploads\/2023\/10\/Cuadernos-Feisal-N\u00b02-tapa-1448x2048.png 1448w, https:\/\/feisal.org\/wp-content\/uploads\/2023\/10\/Cuadernos-Feisal-N\u00b02-tapa-8x12.png 8w, https:\/\/feisal.org\/wp-content\/uploads\/2023\/10\/Cuadernos-Feisal-N\u00b02-tapa-750x1061.png 750w, https:\/\/feisal.org\/wp-content\/uploads\/2023\/10\/Cuadernos-Feisal-N\u00b02-tapa.png 1654w\" sizes=\"auto, (max-width: 724px) 100vw, 724px\" \/><\/a><\/figure>\n\n\n\n<figure class=\"wp-block-image size-large\"><a href=\"https:\/\/drive.google.com\/file\/d\/1T4DJueLwQi4e1BR69k46xE1FJOX1W34g\/view\" target=\"_blank\" rel=\" noreferrer noopener\"><img loading=\"lazy\" decoding=\"async\" width=\"710\" height=\"1024\" src=\"https:\/\/feisal.org\/wp-content\/uploads\/2022\/12\/tapaCUAD1-710x1024.png\" alt=\"\" class=\"wp-image-4262\" srcset=\"https:\/\/feisal.org\/wp-content\/uploads\/2022\/12\/tapaCUAD1-710x1024.png 710w, https:\/\/feisal.org\/wp-content\/uploads\/2022\/12\/tapaCUAD1-208x300.png 208w, https:\/\/feisal.org\/wp-content\/uploads\/2022\/12\/tapaCUAD1-768x1107.png 768w, https:\/\/feisal.org\/wp-content\/uploads\/2022\/12\/tapaCUAD1-1065x1536.png 1065w, https:\/\/feisal.org\/wp-content\/uploads\/2022\/12\/tapaCUAD1-1420x2048.png 1420w, https:\/\/feisal.org\/wp-content\/uploads\/2022\/12\/tapaCUAD1-8x12.png 8w, https:\/\/feisal.org\/wp-content\/uploads\/2022\/12\/tapaCUAD1-750x1081.png 750w\" sizes=\"auto, (max-width: 710px) 100vw, 710px\" \/><\/a><\/figure>\n<\/figure>\n<\/div>\n<\/div>\n\n\n\n<p><\/p>\n","protected":false},"excerpt":{"rendered":"<p>Aqu\u00ed tienen la posibilidad de proponer art\u00edculos para pr\u00f3ximas ediciones de Cuadernos FEISAL CUADERNOS FEISAL cuenta con algunas secciones fijas en sus diferentes ediciones, para las cuales recibimos art\u00edcuos en cualquier momento del a\u00f1o para considerarlos para su publicaci\u00f3n: En caso de querer postular un art\u00edculo que no se vea enmarcado por ninguno de estos &hellip; <\/p>\n<p><a class=\"more-link btn\" href=\"https:\/\/feisal.org\/?page_id=4600\">Seguir leyendo<\/a><\/p>\n","protected":false},"author":4,"featured_media":0,"parent":0,"menu_order":0,"comment_status":"closed","ping_status":"closed","template":"","meta":{"footnotes":"[]"},"class_list":["post-4600","page","type-page","status-publish","hentry","nodate","item-wrap"],"_links":{"self":[{"href":"https:\/\/feisal.org\/index.php?rest_route=\/wp\/v2\/pages\/4600","targetHints":{"allow":["GET"]}}],"collection":[{"href":"https:\/\/feisal.org\/index.php?rest_route=\/wp\/v2\/pages"}],"about":[{"href":"https:\/\/feisal.org\/index.php?rest_route=\/wp\/v2\/types\/page"}],"author":[{"embeddable":true,"href":"https:\/\/feisal.org\/index.php?rest_route=\/wp\/v2\/users\/4"}],"replies":[{"embeddable":true,"href":"https:\/\/feisal.org\/index.php?rest_route=%2Fwp%2Fv2%2Fcomments&post=4600"}],"version-history":[{"count":9,"href":"https:\/\/feisal.org\/index.php?rest_route=\/wp\/v2\/pages\/4600\/revisions"}],"predecessor-version":[{"id":4610,"href":"https:\/\/feisal.org\/index.php?rest_route=\/wp\/v2\/pages\/4600\/revisions\/4610"}],"wp:attachment":[{"href":"https:\/\/feisal.org\/index.php?rest_route=%2Fwp%2Fv2%2Fmedia&parent=4600"}],"curies":[{"name":"wp","href":"https:\/\/api.w.org\/{rel}","templated":true}]}}